{"id":97171,"date":"2025-09-18T12:54:33","date_gmt":"2025-09-18T12:54:33","guid":{"rendered":"https:\/\/ksa.edu.pl\/sku\/"},"modified":"2025-12-01T08:40:36","modified_gmt":"2025-12-01T08:40:36","slug":"sku","status":"publish","type":"page","link":"https:\/\/ksa.edu.pl\/en\/sku\/","title":{"rendered":"SKU"},"content":{"rendered":"\t\t<div data-elementor-type=\"wp-page\" data-elementor-id=\"97171\" class=\"elementor elementor-97171 elementor-88671\">\n\t\t\t\t<div class=\"elementor-element elementor-element-22b19b0 e-flex e-con-boxed e-con e-parent\" data-id=\"22b19b0\" data-element_type=\"container\">\n\t\t\t\t\t<div class=\"e-con-inner\">\n\t\t<div class=\"elementor-element elementor-element-2310cb4 e-con-full e-flex e-con e-child\" data-id=\"2310cb4\" data-element_type=\"container\" data-settings=\"{&quot;background_background&quot;:&quot;classic&quot;}\">\n\t\t\t\t<div class=\"elementor-element elementor-element-f66351e elementor-widget elementor-widget-text-editor\" data-id=\"f66351e\" data-element_type=\"widget\" data-widget_type=\"text-editor.default\">\n\t\t\t\t\t\t\t\t\t<p>Please note: This program is offered only <span style=\"color: #00a47a;\"><a style=\"color: #00a47a;\" href=\"https:\/\/ksa.edu.pl\/sku\/\"><span style=\"color: #e83273;\">in Polish<\/span><\/a><\/span>.\u00a0<\/p>\t\t\t\t\t\t\t\t<\/div>\n\t\t\t\t<\/div>\n\t\t\t\t\t<\/div>\n\t\t\t\t<\/div>\n\t\t<div class=\"elementor-element elementor-element-8c1f615 e-flex e-con-boxed e-con e-parent\" data-id=\"8c1f615\" data-element_type=\"container\" data-settings=\"{&quot;background_background&quot;:&quot;classic&quot;}\">\n\t\t\t\t\t<div class=\"e-con-inner\">\n\t\t<div class=\"elementor-element elementor-element-49fd4fb e-con-full e-flex e-con e-child\" data-id=\"49fd4fb\" data-element_type=\"container\">\n\t\t<div class=\"elementor-element elementor-element-8ed04e9 e-con-full e-flex e-con e-child\" data-id=\"8ed04e9\" data-element_type=\"container\">\n\t\t\t\t<div class=\"elementor-element elementor-element-b7929ce elementor-widget elementor-widget-heading\" data-id=\"b7929ce\" data-element_type=\"widget\" data-widget_type=\"heading.default\">\n\t\t\t\t\t<h1 class=\"elementor-heading-title elementor-size-default\">About SKU<\/h1>\t\t\t\t<\/div>\n\t\t\t\t<div class=\"elementor-element elementor-element-889c1f6 elementor-widget elementor-widget-text-editor\" data-id=\"889c1f6\" data-element_type=\"widget\" data-widget_type=\"text-editor.default\">\n\t\t\t\t\t\t\t\t\tThe School of Garment Construction specializes in teaching advanced-level clothing construction. Operating since 2012 as part of the renowned School of Artistic Fashion Design, we combine technical knowledge with an artistic approach to fashion.\t\t\t\t\t\t\t\t<\/div>\n\t\t\t\t<\/div>\n\t\t<div class=\"elementor-element elementor-element-dceeb9c e-con-full e-flex e-con e-child\" data-id=\"dceeb9c\" data-element_type=\"container\">\n\t\t\t\t<div class=\"elementor-element elementor-element-e12b856 elementor-widget elementor-widget-text-editor\" data-id=\"e12b856\" data-element_type=\"widget\" data-widget_type=\"text-editor.default\">\n\t\t\t\t\t\t\t\t\tOur goal is to train specialists ready to work in the fashion industry and garment manufacturing sector. The curriculum focuses on practical aspects of the profession: from designing patterns, to mannequin draping, to working with computer-aided design software.\t\t\t\t\t\t\t\t<\/div>\n\t\t\t\t<\/div>\n\t\t\t\t<\/div>\n\t\t<div class=\"elementor-element elementor-element-07b2cca e-con-full e-flex e-con e-child\" data-id=\"07b2cca\" data-element_type=\"container\">\n\t\t\t\t<div class=\"elementor-element elementor-element-6f7e49b elementor-widget elementor-widget-html\" data-id=\"6f7e49b\" data-element_type=\"widget\" data-widget_type=\"html.default\">\n\t\t\t\t\t\r\n\r\n    <div class=\"slideshow-container\">\r\n        <div class=\"photo-slide active\">\r\n            <img decoding=\"async\" src=\"https:\/\/ksa.edu.pl\/wp-content\/uploads\/2025\/07\/Katarzyna-Haratym-1.jpg\" alt=\"Zdj\u0119cie 1\" >\r\n        <\/div>\r\n        \r\n        <div class=\"photo-slide\">\r\n            <img decoding=\"async\" src=\"https:\/\/ksa.edu.pl\/wp-content\/uploads\/2025\/07\/katarzyna-ciejek-5.jpg\" alt=\"Zdj\u0119cie 2\" >\r\n        <\/div>\r\n        \r\n        <div class=\"photo-slide\">\r\n            <img decoding=\"async\" src=\"https:\/\/ksa.edu.pl\/wp-content\/uploads\/2025\/07\/lecewicz-12.jpg\" alt=\"Zdj\u0119cie 3\" >\r\n        <\/div>\r\n    <\/div>\r\n\r\n    <script>\r\n        document.addEventListener('DOMContentLoaded', function() {\r\n            const slideshowContainer = document.querySelector('.slideshow-container');\r\n            const slides = document.querySelectorAll('.photo-slide');\r\n            let currentIndex = 0;\r\n            let hasHovered = false;\r\n            \r\n            \/\/ Funkcja do zmiany slajdu\r\n            function changeSlide() {\r\n                \/\/ Usu\u0144 klas\u0119 active ze wszystkich slajd\u00f3w\r\n                slides.forEach(slide => slide.classList.remove('active'));\r\n                \r\n                \/\/ Przejd\u017a do nast\u0119pnego slajdu\r\n                currentIndex = (currentIndex + 1) % slides.length;\r\n                \r\n                \/\/ Dodaj klas\u0119 active do aktualnego slajdu\r\n                slides[currentIndex].classList.add('active');\r\n            }\r\n            \r\n            \/\/ Event listener dla najechania myszk\u0105\r\n            slideshowContainer.addEventListener('mouseenter', function() {\r\n                if (!hasHovered) {\r\n                    changeSlide();\r\n                    hasHovered = true;\r\n                }\r\n            });\r\n            \r\n            \/\/ Event listener dla opuszczenia obszaru przez myszk\u0119\r\n            slideshowContainer.addEventListener('mouseleave', function() {\r\n                hasHovered = false;\r\n            });\r\n        });\r\n    <\/script>\r\n\t\t\t\t<\/div>\n\t\t\t\t<\/div>\n\t\t\t\t\t<\/div>\n\t\t\t\t<\/div>\n\t\t<div class=\"elementor-element elementor-element-59447b5 e-flex e-con-boxed e-con e-parent\" data-id=\"59447b5\" data-element_type=\"container\">\n\t\t\t\t\t<div class=\"e-con-inner\">\n\t\t<div class=\"elementor-element elementor-element-d7e3658 e-con-full e-flex e-con e-child\" data-id=\"d7e3658\" data-element_type=\"container\">\n\t\t\t\t<div class=\"elementor-element elementor-element-7a2491e elementor-widget elementor-widget-html\" data-id=\"7a2491e\" data-element_type=\"widget\" data-widget_type=\"html.default\">\n\t\t\t\t\t\r\n\r\n<div class=\"bottom-up-container\" id=\"bottom-up-slideshow\">\r\n  <div class=\"bottom-up-slide\" style=\"top: 0\">\r\n    <img decoding=\"async\" src=\"https:\/\/ksa.edu.pl\/wp-content\/uploads\/2025\/07\/Katarzyna-Haratym-2.jpg\" alt=\"Zdj\u0119cie 1\" >\r\n  <\/div>\r\n  <div class=\"bottom-up-slide\" style=\"top: 100%\">\r\n    <img decoding=\"async\" src=\"https:\/\/ksa.edu.pl\/wp-content\/uploads\/2025\/07\/Katarzyna-Haratym-3.jpg\" alt=\"Zdj\u0119cie 2\" >\r\n  <\/div>\r\n  <div class=\"bottom-up-slide\" style=\"top: 100%\">\r\n    <img decoding=\"async\" src=\"https:\/\/ksa.edu.pl\/wp-content\/uploads\/2025\/07\/Natalia-wojtanowska-17.jpg\" alt=\"Zdj\u0119cie 3\" >\r\n  <\/div>\r\n<\/div>\r\n\r\n<script>\r\n\/\/ U\u017cywamy funkcji IIFE (Immediately Invoked Function Expression)\r\n\/\/ aby unikn\u0105\u0107 konflikt\u00f3w w globalnej przestrzeni nazw\r\n(function() {\r\n  \/\/ Czekamy a\u017c dokument zostanie za\u0142adowany\r\n  document.addEventListener('DOMContentLoaded', function() {\r\n    const slideshowContainer = document.getElementById('bottom-up-slideshow');\r\n    const slides = slideshowContainer.querySelectorAll('.bottom-up-slide');\r\n    let currentIndex = 0;\r\n    let isAnimating = false;\r\n    \r\n    \/\/ Ustawienie pocz\u0105tkowe - pierwszy slajd widoczny, reszta pod spodem\r\n    slides[0].style.top = '0';\r\n    for (let i = 1; i < slides.length; i++) {\r\n      slides[i].style.top = '100%';\r\n    }\r\n    \r\n    \/\/ Funkcja do zmiany slajdu - efekt przesuwania z do\u0142u do g\u00f3ry\r\n    function changeBottomUpSlide() {\r\n      if (isAnimating) return; \/\/ Zapobieganie nak\u0142adaniu si\u0119 animacji\r\n      isAnimating = true;\r\n      \r\n      \/\/ Obliczenie indeksu nast\u0119pnego slajdu\r\n      const nextIndex = (currentIndex + 1) % slides.length;\r\n      \r\n      \/\/ Aktualny slajd przesuwany do g\u00f3ry (poza ekran)\r\n      slides[currentIndex].style.top = '-100%';\r\n      \r\n      \/\/ Nast\u0119pny slajd przesuwa si\u0119 z do\u0142u na \u015brodek\r\n      slides[nextIndex].style.top = '0';\r\n      \r\n      \/\/ Po zako\u0144czeniu animacji resetujemy pozycj\u0119 starego slajdu\r\n      setTimeout(() => {\r\n        \/\/ Wy\u0142\u0105czamy animacj\u0119 na czas zmiany pozycji\r\n        slides[currentIndex].style.transition = 'none';\r\n        slides[currentIndex].style.top = '100%';\r\n        \r\n        \/\/ Przywracamy animacj\u0119 po zmianie pozycji\r\n        requestAnimationFrame(() => {\r\n          setTimeout(() => {\r\n            slides[currentIndex].style.transition = 'top 1.5s ease-in-out';\r\n            \r\n            \/\/ Aktualizacja bie\u017c\u0105cego indeksu i zako\u0144czenie stanu animacji\r\n            currentIndex = nextIndex;\r\n            isAnimating = false;\r\n          }, 20);\r\n        });\r\n      }, 1600); \/\/ Czas trwania animacji plus niewielki zapas\r\n    }\r\n    \r\n   \r\n    const slideInterval = setInterval(changeBottomUpSlide, 3500);\r\n    \r\n    \/\/ Obs\u0142uga zdarzenia zako\u0144czenia przej\u015bcia dla dodatkowej pewno\u015bci\r\n    slides.forEach(slide => {\r\n      slide.addEventListener('transitionend', function(e) {\r\n        if (e.propertyName === 'top' && slide.style.top === '-100%') {\r\n          \/\/ Dodatkowe zabezpieczenie - resetowanie slajdu kt\u00f3ry znikn\u0105\u0142 w g\u00f3r\u0119\r\n          setTimeout(() => {\r\n            slide.style.transition = 'none';\r\n            slide.style.top = '100%';\r\n            \r\n            requestAnimationFrame(() => {\r\n              setTimeout(() => {\r\n                slide.style.transition = 'top 1.5s ease-in-out';\r\n              }, 20);\r\n            });\r\n          }, 50);\r\n        }\r\n      });\r\n    });\r\n  });\r\n})();\r\n<\/script>\t\t\t\t<\/div>\n\t\t\t\t<\/div>\n\t\t<div class=\"elementor-element elementor-element-590575e e-con-full e-flex e-con e-child\" data-id=\"590575e\" data-element_type=\"container\">\n\t\t\t\t<div class=\"elementor-element elementor-element-e808e59 elementor-widget elementor-widget-text-editor\" data-id=\"e808e59\" data-element_type=\"widget\" data-widget_type=\"text-editor.default\">\n\t\t\t\t\t\t\t\t\tWe emphasize practical professional training. Learning construction and pattern-making at the School of Garment Construction involves a multi-stage process. Students will explore the phases of transforming a technical drawing into a tangible garment.\t\t\t\t\t\t\t\t<\/div>\n\t\t\t\t<\/div>\n\t\t\t\t\t<\/div>\n\t\t\t\t<\/div>\n\t\t<div class=\"elementor-element elementor-element-1b00895 e-flex e-con-boxed e-con e-parent\" data-id=\"1b00895\" data-element_type=\"container\">\n\t\t\t\t\t<div class=\"e-con-inner\">\n\t\t<div class=\"elementor-element elementor-element-f272e36 e-con-full e-flex e-con e-child\" data-id=\"f272e36\" data-element_type=\"container\">\n\t\t\t\t<div class=\"elementor-element elementor-element-1b1dd1e elementor-widget elementor-widget-heading\" data-id=\"1b1dd1e\" data-element_type=\"widget\" data-widget_type=\"heading.default\">\n\t\t\t\t\t<h2 class=\"elementor-heading-title elementor-size-default\">Diploma with the title of Clothing Constructor<\/h2>\t\t\t\t<\/div>\n\t\t\t\t<div class=\"elementor-element elementor-element-9d8016e elementor-widget elementor-widget-text-editor\" data-id=\"9d8016e\" data-element_type=\"widget\" data-widget_type=\"text-editor.default\">\n\t\t\t\t\t\t\t\t\tPart-time study \u2013 3 semesters. The program is designed for individuals with a basic knowledge of garment construction. Those without experience are invited to join our summer construction courses.\t\t\t\t\t\t\t\t<\/div>\n\t\t\t\t<\/div>\n\t\t<div class=\"elementor-element elementor-element-8b83801 e-con-full elementor-hidden-tablet elementor-hidden-mobile_extra elementor-hidden-mobile e-flex e-con e-child\" data-id=\"8b83801\" data-element_type=\"container\">\n\t\t\t\t<\/div>\n\t\t\t\t\t<\/div>\n\t\t\t\t<\/div>\n\t\t<div class=\"elementor-element elementor-element-a02bf53 e-flex e-con-boxed e-con e-parent\" data-id=\"a02bf53\" data-element_type=\"container\">\n\t\t\t\t\t<div class=\"e-con-inner\">\n\t\t<div class=\"elementor-element elementor-element-14ada40 e-con-full e-flex e-con e-child\" data-id=\"14ada40\" data-element_type=\"container\">\n\t\t\t\t<div class=\"elementor-element elementor-element-a18ed02 elementor-widget elementor-widget-text-editor\" data-id=\"a18ed02\" data-element_type=\"widget\" data-widget_type=\"text-editor.default\">\n\t\t\t\t\t\t\t\t\tGarment construction involves working on the function and form of clothing, addressing technical, technological, ergonomic, and aesthetic considerations.\t\t\t\t\t\t\t\t<\/div>\n\t\t\t\t<div class=\"elementor-element elementor-element-292f9d3 elementor-widget elementor-widget-heading\" data-id=\"292f9d3\" data-element_type=\"widget\" data-widget_type=\"heading.default\">\n\t\t\t\t\t<h2 class=\"elementor-heading-title elementor-size-default\">SKU Curriculum<\/h2>\t\t\t\t<\/div>\n\t\t\t\t<div class=\"elementor-element elementor-element-998a402 elementor-widget elementor-widget-text-editor\" data-id=\"998a402\" data-element_type=\"widget\" data-widget_type=\"text-editor.default\">\n\t\t\t\t\t\t\t\t\t<ul> <li>Diploma with the title of Clothing Constructor<\/li> <li>Training in professional software (Inventex, Audaces)<\/li> <li>Opportunities for growth in the fashion industry<\/li> <li>Learning under the guidance of experts<\/li> <\/ul>\t\t\t\t\t\t\t\t<\/div>\n\t\t\t\t<\/div>\n\t\t<div class=\"elementor-element elementor-element-8ae9a91 e-con-full elementor-hidden-tablet elementor-hidden-mobile_extra elementor-hidden-mobile e-flex e-con e-child\" data-id=\"8ae9a91\" data-element_type=\"container\">\n\t\t\t\t<\/div>\n\t\t\t\t\t<\/div>\n\t\t\t\t<\/div>\n\t\t<div class=\"elementor-element elementor-element-6c3f93b e-flex e-con-boxed e-con e-parent\" data-id=\"6c3f93b\" data-element_type=\"container\">\n\t\t\t\t\t<div class=\"e-con-inner\">\n\t\t<div class=\"elementor-element elementor-element-dc8f591 e-con-full e-flex e-con e-child\" data-id=\"dc8f591\" data-element_type=\"container\">\n\t\t\t\t<div class=\"elementor-element elementor-element-d8f2cd1 elementor-widget elementor-widget-text-editor\" data-id=\"d8f2cd1\" data-element_type=\"widget\" data-widget_type=\"text-editor.default\">\n\t\t\t\t\t\t\t\t\tOur school offers a comprehensive part-time program in garment construction. The curriculum combines technical knowledge, practical skills, and training in modern tools used in the fashion industry.\t\t\t\t\t\t\t\t<\/div>\n\t\t\t\t<\/div>\n\t\t<div class=\"elementor-element elementor-element-747fc44 e-con-full elementor-hidden-tablet elementor-hidden-mobile_extra elementor-hidden-mobile e-flex e-con e-child\" data-id=\"747fc44\" data-element_type=\"container\">\n\t\t\t\t<\/div>\n\t\t\t\t\t<\/div>\n\t\t\t\t<\/div>\n\t\t<div class=\"elementor-element elementor-element-051a85d e-flex e-con-boxed e-con e-parent\" data-id=\"051a85d\" data-element_type=\"container\">\n\t\t\t\t\t<div class=\"e-con-inner\">\n\t\t<div class=\"elementor-element elementor-element-b4ba6e5 e-con-full e-flex e-con e-child\" data-id=\"b4ba6e5\" data-element_type=\"container\">\n\t\t\t\t<div class=\"elementor-element elementor-element-3351f30 elementor-widget elementor-widget-heading\" data-id=\"3351f30\" data-element_type=\"widget\" data-widget_type=\"heading.default\">\n\t\t\t\t\t<h3 class=\"elementor-heading-title elementor-size-default\">Garment Construction and Pattern-Making<\/h3>\t\t\t\t<\/div>\n\t\t\t\t<div class=\"elementor-element elementor-element-9db3543 elementor-widget elementor-widget-text-editor\" data-id=\"9db3543\" data-element_type=\"widget\" data-widget_type=\"text-editor.default\">\n\t\t\t\t\t\t\t\t\t<ul> <li>Construction of basic and advanced patterns<\/li> <li>Garment draping and grading<\/li> <li>Transferring patterns onto paper<\/li> <li>Draping on a mannequin<\/li> <\/ul>\t\t\t\t\t\t\t\t<\/div>\n\t\t\t\t<\/div>\n\t\t<div class=\"elementor-element elementor-element-40aa89d e-con-full e-flex e-con e-child\" data-id=\"40aa89d\" data-element_type=\"container\">\n\t\t\t\t<div class=\"elementor-element elementor-element-f7cc0c5 elementor-widget elementor-widget-heading\" data-id=\"f7cc0c5\" data-element_type=\"widget\" data-widget_type=\"heading.default\">\n\t\t\t\t\t<h3 class=\"elementor-heading-title elementor-size-default\">Project Presentation<\/h3>\t\t\t\t<\/div>\n\t\t\t\t<div class=\"elementor-element elementor-element-c84918f elementor-widget elementor-widget-text-editor\" data-id=\"c84918f\" data-element_type=\"widget\" data-widget_type=\"text-editor.default\">\n\t\t\t\t\t\t\t\t\t<ul> <li>Traditional fashion sketching<\/li> <li>Computer techniques and technical visualizations<\/li> <\/ul>\t\t\t\t\t\t\t\t<\/div>\n\t\t\t\t<\/div>\n\t\t<div class=\"elementor-element elementor-element-9df2874 e-con-full e-flex e-con e-child\" data-id=\"9df2874\" data-element_type=\"container\">\n\t\t\t\t<div class=\"elementor-element elementor-element-f016bf4 elementor-widget elementor-widget-heading\" data-id=\"f016bf4\" data-element_type=\"widget\" data-widget_type=\"heading.default\">\n\t\t\t\t\t<h3 class=\"elementor-heading-title elementor-size-default\">Training in Specialized Software<\/h3>\t\t\t\t<\/div>\n\t\t\t\t<div class=\"elementor-element elementor-element-c5126f5 elementor-widget elementor-widget-text-editor\" data-id=\"c5126f5\" data-element_type=\"widget\" data-widget_type=\"text-editor.default\">\n\t\t\t\t\t\t\t\t\t<ul> <li>Inventex \u2013 advanced training<\/li> <li>Audaces (Strima)<\/li> <\/ul>\t\t\t\t\t\t\t\t<\/div>\n\t\t\t\t<\/div>\n\t\t<div class=\"elementor-element elementor-element-6bb946b e-con-full e-flex e-con e-child\" data-id=\"6bb946b\" data-element_type=\"container\">\n\t\t\t\t<div class=\"elementor-element elementor-element-2e1f530 elementor-widget elementor-widget-heading\" data-id=\"2e1f530\" data-element_type=\"widget\" data-widget_type=\"heading.default\">\n\t\t\t\t\t<h3 class=\"elementor-heading-title elementor-size-default\">Professional Practice Overview<\/h3>\t\t\t\t<\/div>\n\t\t\t\t<div class=\"elementor-element elementor-element-8d32e59 elementor-widget elementor-widget-text-editor\" data-id=\"8d32e59\" data-element_type=\"widget\" data-widget_type=\"text-editor.default\">\n\t\t\t\t\t\t\t\t\t<ul> <li>Work of a designer and constructor in various types of companies (small, medium, large)<\/li> <li>Collaboration with manufacturing companies<\/li> <li>Collaboration with technologists in the garment industry<\/li> <\/ul>\t\t\t\t\t\t\t\t<\/div>\n\t\t\t\t<\/div>\n\t\t<div class=\"elementor-element elementor-element-7c9e8db e-con-full e-flex e-con e-child\" data-id=\"7c9e8db\" data-element_type=\"container\">\n\t\t\t\t<div class=\"elementor-element elementor-element-826140e elementor-widget elementor-widget-heading\" data-id=\"826140e\" data-element_type=\"widget\" data-widget_type=\"heading.default\">\n\t\t\t\t\t<h3 class=\"elementor-heading-title elementor-size-default\">Specialized Studios and Workshops<\/h3>\t\t\t\t<\/div>\n\t\t\t\t<div class=\"elementor-element elementor-element-49cd616 elementor-widget elementor-widget-text-editor\" data-id=\"49cd616\" data-element_type=\"widget\" data-widget_type=\"text-editor.default\">\n\t\t\t\t\t\t\t\t\t<ul> <li>Studios: sewing, jewelry, millinery<\/li> <li>Thematic workshops<\/li> <\/ul>\t\t\t\t\t\t\t\t<\/div>\n\t\t\t\t<\/div>\n\t\t<div class=\"elementor-element elementor-element-fac3786 e-con-full e-flex e-con e-child\" data-id=\"fac3786\" data-element_type=\"container\">\n\t\t\t\t<\/div>\n\t\t\t\t\t<\/div>\n\t\t\t\t<\/div>\n\t\t<div class=\"elementor-element elementor-element-528a4eb e-flex e-con-boxed e-con e-parent\" data-id=\"528a4eb\" data-element_type=\"container\">\n\t\t\t\t\t<div class=\"e-con-inner\">\n\t\t<div class=\"elementor-element elementor-element-2070a70 e-con-full elementor-hidden-tablet elementor-hidden-mobile_extra elementor-hidden-mobile e-flex e-con e-child\" data-id=\"2070a70\" data-element_type=\"container\">\n\t\t\t\t<\/div>\n\t\t<div class=\"elementor-element elementor-element-8f13b5f e-con-full e-flex e-con e-child\" data-id=\"8f13b5f\" data-element_type=\"container\">\n\t\t\t\t<div class=\"elementor-element elementor-element-44bbb7d elementor-widget__width-inherit elementor-widget elementor-widget-text-editor\" data-id=\"44bbb7d\" data-element_type=\"widget\" data-widget_type=\"text-editor.default\">\n\t\t\t\t\t\t\t\t\t<p>We offer part-time study, allowing students to balance learning with professional work.<\/p><p>Graduates of the School of Garment Construction are prepared to work independently as constructors, as well as to collaborate with designers and clothing companies.<\/p>\t\t\t\t\t\t\t\t<\/div>\n\t\t\t\t<\/div>\n\t\t\t\t\t<\/div>\n\t\t\t\t<\/div>\n\t\t<div class=\"elementor-element elementor-element-ebccdfe e-flex e-con-boxed e-con e-parent\" data-id=\"ebccdfe\" data-element_type=\"container\">\n\t\t\t\t\t<div class=\"e-con-inner\">\n\t\t<div class=\"elementor-element elementor-element-b10555c e-con-full e-flex e-con e-child\" data-id=\"b10555c\" data-element_type=\"container\">\n\t\t\t\t<div class=\"elementor-element elementor-element-97706d9 elementor-widget elementor-widget-image\" data-id=\"97706d9\" data-element_type=\"widget\" data-widget_type=\"image.default\">\n\t\t\t\t\t\t\t\t\t\t\t\t\t\t\t<img fetchpriority=\"high\" decoding=\"async\" width=\"750\" height=\"640\" src=\"https:\/\/ksa.edu.pl\/wp-content\/uploads\/2025\/09\/20.jpg\" class=\"attachment-large size-large wp-image-97175\" alt=\"\" srcset=\"https:\/\/ksa.edu.pl\/wp-content\/uploads\/2025\/09\/20.jpg 750w, https:\/\/ksa.edu.pl\/wp-content\/uploads\/2025\/09\/20-300x256.jpg 300w\" sizes=\"(max-width: 750px) 100vw, 750px\" >\t\t\t\t\t\t\t\t\t\t\t\t\t\t\t<\/div>\n\t\t\t\t<\/div>\n\t\t<div class=\"elementor-element elementor-element-88a33f5 e-con-full e-flex e-con e-child\" data-id=\"88a33f5\" data-element_type=\"container\">\n\t\t<div class=\"elementor-element elementor-element-b782675 e-con-full e-flex e-con e-child\" data-id=\"b782675\" data-element_type=\"container\">\n\t\t\t\t<div class=\"elementor-element elementor-element-ba4c090 elementor-widget elementor-widget-text-editor\" data-id=\"ba4c090\" data-element_type=\"widget\" data-widget_type=\"text-editor.default\">\n\t\t\t\t\t\t\t\t\tWe invite you to join our summer courses preparing for the School of Garment Construction.\t\t\t\t\t\t\t\t<\/div>\n\t\t\t\t<\/div>\n\t\t<div class=\"elementor-element elementor-element-dcce79a e-con-full e-flex e-con e-child\" data-id=\"dcce79a\" data-element_type=\"container\">\n\t\t\t\t<div class=\"elementor-element elementor-element-0f7be4d elementor-widget elementor-widget-text-editor\" data-id=\"0f7be4d\" data-element_type=\"widget\" data-widget_type=\"text-editor.default\">\n\t\t\t\t\t\t\t\t\tThe School of Garment Construction is a place for passionate individuals who want to combine creativity with precision and gain a concrete profession in the fashion industry.\t\t\t\t\t\t\t\t<\/div>\n\t\t\t\t<\/div>\n\t\t\t\t<\/div>\n\t\t\t\t\t<\/div>\n\t\t\t\t<\/div>\n\t\t\t\t<\/div>\n\t\t","protected":false},"excerpt":{"rendered":"<p>Please note: This program is offered only in Polish. About SKU The School of Garment Construction specializes in teaching advanced-level [&hellip;]<\/p>\n","protected":false},"author":1,"featured_media":0,"parent":0,"menu_order":0,"comment_status":"closed","ping_status":"closed","template":"","meta":{"_acf_changed":false,"content-type":"","site-sidebar-layout":"no-sidebar","site-content-layout":"","ast-site-content-layout":"full-width-container","site-content-style":"default","site-sidebar-style":"default","ast-global-header-display":"","ast-banner-title-visibility":"","ast-main-header-display":"","ast-hfb-above-header-display":"","ast-hfb-below-header-display":"","ast-hfb-mobile-header-display":"","site-post-title":"disabled","ast-breadcrumbs-content":"","ast-featured-img":"disabled","footer-sml-layout":"","ast-disable-related-posts":"","theme-transparent-header-meta":"default","adv-header-id-meta":"","stick-header-meta":"","header-above-stick-meta":"","header-main-stick-meta":"","header-below-stick-meta":"","astra-migrate-meta-layouts":"set","ast-page-background-enabled":"default","ast-page-background-meta":{"desktop":{"background-color":"var(--ast-global-color-5)","background-image":"","background-repeat":"repeat","background-position":"center center","background-size":"auto","background-attachment":"scroll","background-type":"","background-media":"","overlay-type":"","overlay-color":"","overlay-opacity":"","overlay-gradient":""},"tablet":{"background-color":"","background-image":"","background-repeat":"repeat","background-position":"center center","background-size":"auto","background-attachment":"scroll","background-type":"","background-media":"","overlay-type":"","overlay-color":"","overlay-opacity":"","overlay-gradient":""},"mobile":{"background-color":"","background-image":"","background-repeat":"repeat","background-position":"center center","background-size":"auto","background-attachment":"scroll","background-type":"","background-media":"","overlay-type":"","overlay-color":"","overlay-opacity":"","overlay-gradient":""}},"ast-content-background-meta":{"desktop":{"background-color":"var(--ast-global-color-4)","background-image":"","background-repeat":"repeat","background-position":"center center","background-size":"auto","background-attachment":"scroll","background-type":"","background-media":"","overlay-type":"","overlay-color":"","overlay-opacity":"","overlay-gradient":""},"tablet":{"background-color":"var(--ast-global-color-4)","background-image":"","background-repeat":"repeat","background-position":"center center","background-size":"auto","background-attachment":"scroll","background-type":"","background-media":"","overlay-type":"","overlay-color":"","overlay-opacity":"","overlay-gradient":""},"mobile":{"background-color":"var(--ast-global-color-4)","background-image":"","background-repeat":"repeat","background-position":"center center","background-size":"auto","background-attachment":"scroll","background-type":"","background-media":"","overlay-type":"","overlay-color":"","overlay-opacity":"","overlay-gradient":""}},"footnotes":""},"class_list":["post-97171","page","type-page","status-publish","hentry"],"acf":[],"_links":{"self":[{"href":"https:\/\/ksa.edu.pl\/en\/wp-json\/wp\/v2\/pages\/97171","targetHints":{"allow":["GET"]}}],"collection":[{"href":"https:\/\/ksa.edu.pl\/en\/wp-json\/wp\/v2\/pages"}],"about":[{"href":"https:\/\/ksa.edu.pl\/en\/wp-json\/wp\/v2\/types\/page"}],"author":[{"embeddable":true,"href":"https:\/\/ksa.edu.pl\/en\/wp-json\/wp\/v2\/users\/1"}],"replies":[{"embeddable":true,"href":"https:\/\/ksa.edu.pl\/en\/wp-json\/wp\/v2\/comments?post=97171"}],"version-history":[{"count":0,"href":"https:\/\/ksa.edu.pl\/en\/wp-json\/wp\/v2\/pages\/97171\/revisions"}],"wp:attachment":[{"href":"https:\/\/ksa.edu.pl\/en\/wp-json\/wp\/v2\/media?parent=97171"}],"curies":[{"name":"wp","href":"https:\/\/api.w.org\/{rel}","templated":true}]}}