{"id":89399,"date":"2025-04-28T11:22:36","date_gmt":"2025-04-28T11:22:36","guid":{"rendered":"https:\/\/ksa.edu.pl\/sapu\/fashion-shows\/"},"modified":"2025-09-26T11:07:13","modified_gmt":"2025-09-26T11:07:13","slug":"fashion-shows","status":"publish","type":"page","link":"https:\/\/ksa.edu.pl\/en\/sapu\/fashion-shows\/","title":{"rendered":"Fashion shows"},"content":{"rendered":"\t\t<div data-elementor-type=\"wp-page\" data-elementor-id=\"89399\" class=\"elementor elementor-89399 elementor-921\">\n\t\t\t\t<div class=\"elementor-element elementor-element-b26e996 e-flex e-con-boxed e-con e-parent\" data-id=\"b26e996\" data-element_type=\"container\">\n\t\t\t\t\t<div class=\"e-con-inner\">\n\t\t<div class=\"elementor-element elementor-element-3c67761 e-con-full e-flex e-con e-child\" data-id=\"3c67761\" data-element_type=\"container\">\n\t\t\t\t<div class=\"elementor-element elementor-element-c6a7f99 elementor-widget elementor-widget-heading\" data-id=\"c6a7f99\" data-element_type=\"widget\" data-widget_type=\"heading.default\">\n\t\t\t\t\t<h1 class=\"elementor-heading-title elementor-size-default\">Fashion shows<\/h1>\t\t\t\t<\/div>\n\t\t\t\t<div class=\"elementor-element elementor-element-e975e75 elementor-widget elementor-widget-text-editor\" data-id=\"e975e75\" data-element_type=\"widget\" data-widget_type=\"text-editor.default\">\n\t\t\t\t\t\t\t\t\t<p>Each year, our school organizes four major fashion shows where first and second-year students, as well as diploma candidates, present their work \u2014 from individual designs to entire collections. The shows are co-organized by the Reklamex Model and Fashion Promotion Agency, which also provides the models.<\/p>\n<p>These events attract significant interest from local, national, and international media. We always host leading figures from the fashion world. The shows are a true celebration for fashion enthusiasts.<\/p>\n\t\t\t\t\t\t\t\t<\/div>\n\t\t\t\t<\/div>\n\t\t<div class=\"elementor-element elementor-element-a6ec525 e-con-full elementor-hidden-tablet elementor-hidden-mobile_extra elementor-hidden-mobile e-flex e-con e-child\" data-id=\"a6ec525\" data-element_type=\"container\">\n\t\t\t\t<\/div>\n\t\t\t\t\t<\/div>\n\t\t\t\t<\/div>\n\t\t<div class=\"elementor-element elementor-element-0e4529d e-flex e-con-boxed e-con e-parent\" data-id=\"0e4529d\" data-element_type=\"container\">\n\t\t\t\t\t<div class=\"e-con-inner\">\n\t\t<div class=\"elementor-element elementor-element-ebb6222 e-con-full e-flex e-con e-child\" data-id=\"ebb6222\" data-element_type=\"container\">\n\t\t\t\t<div class=\"elementor-element elementor-element-8405630 elementor-widget elementor-widget-shortcode\" data-id=\"8405630\" data-element_type=\"widget\" data-widget_type=\"shortcode.default\">\n\t\t\t\t\t\t\t<div class=\"elementor-shortcode\">    <div class=\"post-filter\">\n        <a class=\"filter-btn active\" data-category=\"all\">\n            All        <\/a>\n                    <a class=\"filter-btn\" data-category=\"No Waste Show\">\n                No Waste Show            <\/a>\n                    <a class=\"filter-btn\" data-category=\"International Fashion Shows\">\n                International Fashion Shows            <\/a>\n                    <a class=\"filter-btn\" data-category=\"Fashion Lab\">\n                Fashion Lab            <\/a>\n                    <a class=\"filter-btn\" data-category=\"SAPU Graduation Show\">\n                SAPU Graduation Show            <\/a>\n            <\/div>\n\n    <div class=\"container-pokazy-mody\" id=\"pokazy-mody-container\">\n        <div class=\"pokazy-mody-grid\">\n            <a href=\"https:\/\/ksa.edu.pl\/en\/sapu\/fashion-shows\/no-waste-show-2025\/\" class=\"pokazy-mody-card\"><img decoding=\"async\" src=\"https:\/\/ksa.edu.pl\/wp-content\/uploads\/2025\/07\/2025.webp\" alt=\"No Waste Show 2025\" loading=\"lazy\" ><p class=\"pokazy-mody-name\">No Waste Show 2025<\/p><\/a><a href=\"https:\/\/ksa.edu.pl\/en\/sapu\/fashion-shows\/cracow-fashion-week-2025\/\" class=\"pokazy-mody-card\"><img decoding=\"async\" src=\"https:\/\/ksa.edu.pl\/wp-content\/uploads\/2025\/07\/Projekt-bez-nazwy.png\" alt=\"SAPU Graduation Show 2025\" loading=\"lazy\" ><p class=\"pokazy-mody-name\">SAPU Graduation Show 2025<\/p><\/a><a href=\"https:\/\/ksa.edu.pl\/en\/sapu\/fashion-shows\/no-waste-show-2024\/\" class=\"pokazy-mody-card\"><img decoding=\"async\" src=\"https:\/\/ksa.edu.pl\/wp-content\/uploads\/2025\/07\/2024.png\" alt=\"No Waste Show 2024\" loading=\"lazy\" ><p class=\"pokazy-mody-name\">No Waste Show 2024<\/p><\/a><a href=\"https:\/\/ksa.edu.pl\/en\/sapu\/fashion-shows\/cracow-fashion-week-2024\/\" class=\"pokazy-mody-card\"><img decoding=\"async\" src=\"https:\/\/ksa.edu.pl\/wp-content\/uploads\/2025\/04\/CFW-2024.jpg\" alt=\"SAPU Graduation Show 2024\" loading=\"lazy\" ><p class=\"pokazy-mody-name\">SAPU Graduation Show 2024<\/p><\/a><a href=\"https:\/\/ksa.edu.pl\/en\/sapu\/fashion-shows\/no-waste-show-2023\/\" class=\"pokazy-mody-card\"><img decoding=\"async\" src=\"https:\/\/ksa.edu.pl\/wp-content\/uploads\/2025\/07\/2023.webp\" alt=\"No Waste Show 2023\" loading=\"lazy\" ><p class=\"pokazy-mody-name\">No Waste Show 2023<\/p><\/a><a href=\"https:\/\/ksa.edu.pl\/en\/sapu\/fashion-shows\/cracow-fashion-week-2023\/\" class=\"pokazy-mody-card\"><img decoding=\"async\" src=\"https:\/\/ksa.edu.pl\/wp-content\/uploads\/2025\/07\/CFW-2023.png\" alt=\"SAPU Graduation Show 2023\" loading=\"lazy\" ><p class=\"pokazy-mody-name\">SAPU Graduation Show 2023<\/p><\/a><a href=\"https:\/\/ksa.edu.pl\/en\/sapu\/fashion-shows\/no-waste-show-2022\/\" class=\"pokazy-mody-card\"><img decoding=\"async\" src=\"https:\/\/ksa.edu.pl\/wp-content\/plugins\/elementor\/assets\/images\/placeholder.png\" alt=\"No Waste Show 2022\" loading=\"lazy\" ><p class=\"pokazy-mody-name\">No Waste Show 2022<\/p><\/a><a href=\"https:\/\/ksa.edu.pl\/en\/sapu\/fashion-shows\/cracow-fashion-week-2022\/\" class=\"pokazy-mody-card\"><img decoding=\"async\" src=\"https:\/\/ksa.edu.pl\/wp-content\/uploads\/2025\/07\/CFW-2022.jpg\" alt=\"SAPU Graduation Show 2022\" loading=\"lazy\" ><p class=\"pokazy-mody-name\">SAPU Graduation Show 2022<\/p><\/a><a href=\"https:\/\/ksa.edu.pl\/en\/sapu\/fashion-shows\/cracow-fashion-week-2021\/\" class=\"pokazy-mody-card\"><img decoding=\"async\" src=\"https:\/\/ksa.edu.pl\/wp-content\/uploads\/2025\/07\/CFW-2021.png\" alt=\"SAPU Graduation Show 2021\" loading=\"lazy\" ><p class=\"pokazy-mody-name\">SAPU Graduation Show 2021<\/p><\/a><a href=\"https:\/\/ksa.edu.pl\/en\/sapu\/fashion-shows\/no-waste-show-2021\/\" class=\"pokazy-mody-card\"><img decoding=\"async\" src=\"https:\/\/ksa.edu.pl\/wp-content\/plugins\/elementor\/assets\/images\/placeholder.png\" alt=\"No Waste Show 2021\" loading=\"lazy\" ><p class=\"pokazy-mody-name\">No Waste Show 2021<\/p><\/a><a href=\"https:\/\/ksa.edu.pl\/en\/sapu\/fashion-shows\/no-waste-show-2020\/\" class=\"pokazy-mody-card\"><img decoding=\"async\" src=\"https:\/\/ksa.edu.pl\/wp-content\/plugins\/elementor\/assets\/images\/placeholder.png\" alt=\"No Waste Show 2020\" loading=\"lazy\" ><p class=\"pokazy-mody-name\">No Waste Show 2020<\/p><\/a><a href=\"https:\/\/ksa.edu.pl\/en\/sapu\/fashion-shows\/cracow-fashion-week-2020\/\" class=\"pokazy-mody-card\"><img decoding=\"async\" src=\"https:\/\/ksa.edu.pl\/wp-content\/uploads\/2025\/07\/cfw_2020_plakat_b1_logo-low.jpg\" alt=\"SAPU Graduation Show 2020\" loading=\"lazy\" ><p class=\"pokazy-mody-name\">SAPU Graduation Show 2020<\/p><\/a><a href=\"https:\/\/ksa.edu.pl\/en\/sapu\/fashion-shows\/no-waste-show-2019\/\" class=\"pokazy-mody-card\"><img decoding=\"async\" src=\"https:\/\/ksa.edu.pl\/wp-content\/plugins\/elementor\/assets\/images\/placeholder.png\" alt=\"No Waste Show 2019\" loading=\"lazy\" ><p class=\"pokazy-mody-name\">No Waste Show 2019<\/p><\/a><a href=\"https:\/\/ksa.edu.pl\/en\/sapu\/fashion-shows\/cracow-fashion-week-2019\/\" class=\"pokazy-mody-card\"><img decoding=\"async\" src=\"https:\/\/ksa.edu.pl\/wp-content\/uploads\/2025\/07\/CFW_2019_plakat_b1_.jpg\" alt=\"SAPU Graduation Show 2019\" loading=\"lazy\" ><p class=\"pokazy-mody-name\">SAPU Graduation Show 2019<\/p><\/a><a href=\"https:\/\/ksa.edu.pl\/en\/sapu\/fashion-shows\/no-waste-show-2018\/\" class=\"pokazy-mody-card\"><img decoding=\"async\" src=\"https:\/\/ksa.edu.pl\/wp-content\/plugins\/elementor\/assets\/images\/placeholder.png\" alt=\"No Waste Show 2018\" loading=\"lazy\" ><p class=\"pokazy-mody-name\">No Waste Show 2018<\/p><\/a><a href=\"https:\/\/ksa.edu.pl\/en\/sapu\/fashion-shows\/fashion-laboratory\/\" class=\"pokazy-mody-card\"><img decoding=\"async\" src=\"https:\/\/ksa.edu.pl\/wp-content\/uploads\/2025\/07\/plakat_labo_2018-1.jpg\" alt=\"Fashion Laboratory\" loading=\"lazy\" ><p class=\"pokazy-mody-name\">Fashion Laboratory<\/p><\/a><a href=\"https:\/\/ksa.edu.pl\/en\/sapu\/fashion-shows\/cracow-fashion-week-2018\/\" class=\"pokazy-mody-card\"><img decoding=\"async\" src=\"https:\/\/ksa.edu.pl\/wp-content\/uploads\/2025\/07\/CFW-2018.jpg\" alt=\"SAPU Graduation Show 2018\" loading=\"lazy\" ><p class=\"pokazy-mody-name\">SAPU Graduation Show 2018<\/p><\/a><a href=\"https:\/\/ksa.edu.pl\/en\/sapu\/fashion-shows\/no-waste-show-2017\/\" class=\"pokazy-mody-card\"><img decoding=\"async\" src=\"https:\/\/ksa.edu.pl\/wp-content\/plugins\/elementor\/assets\/images\/placeholder.png\" alt=\"No Waste Show 2017\" loading=\"lazy\" ><p class=\"pokazy-mody-name\">No Waste Show 2017<\/p><\/a><a href=\"https:\/\/ksa.edu.pl\/en\/sapu\/fashion-shows\/fashion-laboratory-2017\/\" class=\"pokazy-mody-card\"><img decoding=\"async\" src=\"https:\/\/ksa.edu.pl\/wp-content\/uploads\/2025\/07\/plakat_labo_2017.png\" alt=\"Fashion Laboratory 2017\" loading=\"lazy\" ><p class=\"pokazy-mody-name\">Fashion Laboratory 2017<\/p><\/a><a href=\"https:\/\/ksa.edu.pl\/en\/sapu\/fashion-shows\/cracow-fashion-week-2017\/\" class=\"pokazy-mody-card\"><img decoding=\"async\" src=\"https:\/\/ksa.edu.pl\/wp-content\/uploads\/2025\/07\/Cracow-fashion-week-2017.png\" alt=\"SAPU Graduation Show 2017\" loading=\"lazy\" ><p class=\"pokazy-mody-name\">SAPU Graduation Show 2017<\/p><\/a><a href=\"https:\/\/ksa.edu.pl\/en\/sapu\/fashion-shows\/fashion-laboratory-2016\/\" class=\"pokazy-mody-card\"><img decoding=\"async\" src=\"https:\/\/ksa.edu.pl\/wp-content\/uploads\/2025\/07\/plakat-labo-2016-2.png\" alt=\"Fashion Laboratory 2016\" loading=\"lazy\" ><p class=\"pokazy-mody-name\">Fashion Laboratory 2016<\/p><\/a><a href=\"https:\/\/ksa.edu.pl\/en\/sapu\/fashion-shows\/cracow-fashion-week-2016\/\" class=\"pokazy-mody-card\"><img decoding=\"async\" src=\"https:\/\/ksa.edu.pl\/wp-content\/uploads\/2025\/07\/cfa16.jpg\" alt=\"SAPU Graduation Show 2016\" loading=\"lazy\" ><p class=\"pokazy-mody-name\">SAPU Graduation Show 2016<\/p><\/a><a href=\"https:\/\/ksa.edu.pl\/en\/sapu\/fashion-shows\/junk-fashion-show-2016\/\" class=\"pokazy-mody-card\"><img decoding=\"async\" src=\"https:\/\/ksa.edu.pl\/wp-content\/uploads\/2025\/07\/plakat-JFS16-Copy.jpg\" alt=\"Junk Fashion Show 2016\" loading=\"lazy\" ><p class=\"pokazy-mody-name\">Junk Fashion Show 2016<\/p><\/a><a href=\"https:\/\/ksa.edu.pl\/en\/sapu\/fashion-shows\/fashion-laboratory-2015\/\" class=\"pokazy-mody-card\"><img decoding=\"async\" src=\"https:\/\/ksa.edu.pl\/wp-content\/uploads\/2025\/07\/LABO-plakat.png\" alt=\"Fashion Laboratory 2015\" loading=\"lazy\" ><p class=\"pokazy-mody-name\">Fashion Laboratory 2015<\/p><\/a><a href=\"https:\/\/ksa.edu.pl\/en\/sapu\/fashion-shows\/cracow-fashion-week-2015\/\" class=\"pokazy-mody-card\"><img decoding=\"async\" src=\"https:\/\/ksa.edu.pl\/wp-content\/uploads\/2025\/07\/cfa15.jpg\" alt=\"SAPU Graduation Show 2015\" loading=\"lazy\" ><p class=\"pokazy-mody-name\">SAPU Graduation Show 2015<\/p><\/a><a href=\"https:\/\/ksa.edu.pl\/en\/sapu\/fashion-shows\/junk-fashion-show-2015\/\" class=\"pokazy-mody-card\"><img decoding=\"async\" src=\"https:\/\/ksa.edu.pl\/wp-content\/uploads\/2025\/07\/junk-fashin-show.jpg\" alt=\"Junk Fashion Show 2015\" loading=\"lazy\" ><p class=\"pokazy-mody-name\">Junk Fashion Show 2015<\/p><\/a><a href=\"https:\/\/ksa.edu.pl\/en\/sapu\/fashion-shows\/fashion-laboratory-2014\/\" class=\"pokazy-mody-card\"><img decoding=\"async\" src=\"https:\/\/ksa.edu.pl\/wp-content\/uploads\/2025\/07\/plakat-labo-2014_v2.png\" alt=\"Fashion Laboratory 2014\" loading=\"lazy\" ><p class=\"pokazy-mody-name\">Fashion Laboratory 2014<\/p><\/a><a href=\"https:\/\/ksa.edu.pl\/en\/sapu\/fashion-shows\/cracow-fashion-week-2014\/\" class=\"pokazy-mody-card\"><img decoding=\"async\" src=\"https:\/\/ksa.edu.pl\/wp-content\/uploads\/2025\/07\/cfw-2014-plakat-podglad.jpg\" alt=\"SAPU Graduation Show 2014\" loading=\"lazy\" ><p class=\"pokazy-mody-name\">SAPU Graduation Show 2014<\/p><\/a><a href=\"https:\/\/ksa.edu.pl\/en\/sapu\/fashion-shows\/junk-fashion-show-2014\/\" class=\"pokazy-mody-card\"><img decoding=\"async\" src=\"https:\/\/ksa.edu.pl\/wp-content\/uploads\/2025\/07\/jfs2014_podglad.jpg\" alt=\"Junk Fashion Show 2014\" loading=\"lazy\" ><p class=\"pokazy-mody-name\">Junk Fashion Show 2014<\/p><\/a><a href=\"https:\/\/ksa.edu.pl\/en\/sapu\/fashion-shows\/junk-fashion-show-2013\/\" class=\"pokazy-mody-card\"><img decoding=\"async\" src=\"https:\/\/ksa.edu.pl\/wp-content\/uploads\/2025\/07\/jfs-2013-plakat.jpg\" alt=\"Junk Fashion Show 2013\" loading=\"lazy\" ><p class=\"pokazy-mody-name\">Junk Fashion Show 2013<\/p><\/a><a href=\"https:\/\/ksa.edu.pl\/en\/sapu\/fashion-shows\/sapu-designers-as-guests-in-minsk\/\" class=\"pokazy-mody-card\"><img decoding=\"async\" src=\"https:\/\/ksa.edu.pl\/wp-content\/uploads\/2025\/07\/Fashion-Mill-Bialorus-SAPU-3.jpg\" alt=\"SAPU Designers as Guests in Minsk\" loading=\"lazy\" ><p class=\"pokazy-mody-name\">SAPU Designers as Guests in Minsk<\/p><\/a><a href=\"https:\/\/ksa.edu.pl\/en\/sapu\/fashion-shows\/internship-in-cannes-for-michal-wojciak\/\" class=\"pokazy-mody-card\"><img decoding=\"async\" src=\"https:\/\/ksa.edu.pl\/wp-content\/uploads\/2025\/07\/michal-wojciak-moskwa-4.jpg\" alt=\"Internship in Cannes for Micha\u0142 W\u00f3jciak\" loading=\"lazy\" ><p class=\"pokazy-mody-name\">Internship in Cannes for Micha\u0142 W\u00f3jciak<\/p><\/a><a href=\"https:\/\/ksa.edu.pl\/en\/sapu\/fashion-shows\/habitus-baltija-2013\/\" class=\"pokazy-mody-card\"><img decoding=\"async\" src=\"https:\/\/ksa.edu.pl\/wp-content\/uploads\/2025\/07\/DSC_6062.jpg\" alt=\"Habitus Baltija 2013\" loading=\"lazy\" ><p class=\"pokazy-mody-name\">Habitus Baltija 2013<\/p><\/a><a href=\"https:\/\/ksa.edu.pl\/en\/sapu\/fashion-shows\/fashion-laboratory-2013\/\" class=\"pokazy-mody-card\"><img decoding=\"async\" src=\"https:\/\/ksa.edu.pl\/wp-content\/uploads\/2025\/07\/labo-2013.jpg\" alt=\"Fashion Laboratory 2013\" loading=\"lazy\" ><p class=\"pokazy-mody-name\">Fashion Laboratory 2013<\/p><\/a><a href=\"https:\/\/ksa.edu.pl\/en\/sapu\/fashion-shows\/cracow-fashion-week-2013\/\" class=\"pokazy-mody-card\"><img decoding=\"async\" src=\"https:\/\/ksa.edu.pl\/wp-content\/uploads\/2025\/07\/67914_522588881114642_1110636010_n-1.jpg\" alt=\"SAPU Graduation Show 2013\" loading=\"lazy\" ><p class=\"pokazy-mody-name\">SAPU Graduation Show 2013<\/p><\/a><a href=\"https:\/\/ksa.edu.pl\/en\/sapu\/fashion-shows\/final-of-the-jensation-contest-in-monte-carlo\/\" class=\"pokazy-mody-card\"><img decoding=\"async\" src=\"https:\/\/ksa.edu.pl\/wp-content\/uploads\/2025\/07\/us_monte-carlo-21.jpg\" alt=\"Final of the Jensation contest in Monte Carlo\" loading=\"lazy\" ><p class=\"pokazy-mody-name\">Final of the Jensation contest in Monte Carlo<\/p><\/a><a href=\"https:\/\/ksa.edu.pl\/en\/sapu\/fashion-shows\/vienna-fashion-week\/\" class=\"pokazy-mody-card\"><img decoding=\"async\" src=\"https:\/\/ksa.edu.pl\/wp-content\/uploads\/2025\/07\/IMG_1031.jpg\" alt=\"Vienna Fashion Week 2012\" loading=\"lazy\" ><p class=\"pokazy-mody-name\">Vienna Fashion Week 2012<\/p><\/a><a href=\"https:\/\/ksa.edu.pl\/en\/sapu\/fashion-shows\/fashion-show-in-kuhlhaus-berlin\/\" class=\"pokazy-mody-card\"><img decoding=\"async\" src=\"https:\/\/ksa.edu.pl\/wp-content\/uploads\/2025\/07\/kuhlhaus-berlin-1.png\" alt=\"Fashion show in K\u00fchlhaus, Berlin\" loading=\"lazy\" ><p class=\"pokazy-mody-name\">Fashion show in K\u00fchlhaus, Berlin<\/p><\/a><a href=\"https:\/\/ksa.edu.pl\/en\/sapu\/fashion-shows\/bridge-of-fashion-2011\/\" class=\"pokazy-mody-card\"><img decoding=\"async\" src=\"https:\/\/ksa.edu.pl\/wp-content\/uploads\/2025\/07\/351.webp\" alt=\"Bridge of Fashion 2011\" loading=\"lazy\" ><p class=\"pokazy-mody-name\">Bridge of Fashion 2011<\/p><\/a><a href=\"https:\/\/ksa.edu.pl\/en\/sapu\/fashion-shows\/habitus-baltija-2011\/\" class=\"pokazy-mody-card\"><img decoding=\"async\" src=\"https:\/\/ksa.edu.pl\/wp-content\/uploads\/2025\/07\/img_6978-fot-piotr-kierat-1-1.jpg\" alt=\"Habitus Baltija 2011\" loading=\"lazy\" ><p class=\"pokazy-mody-name\">Habitus Baltija 2011<\/p><\/a><a href=\"https:\/\/ksa.edu.pl\/en\/sapu\/fashion-shows\/baltic-fashion-award-2010\/\" class=\"pokazy-mody-card\"><img decoding=\"async\" src=\"https:\/\/ksa.edu.pl\/wp-content\/uploads\/2025\/07\/6-3.jpg\" alt=\"Baltic Fashion Award 2010\" loading=\"lazy\" ><p class=\"pokazy-mody-name\">Baltic Fashion Award 2010<\/p><\/a><a href=\"https:\/\/ksa.edu.pl\/en\/sapu\/fashion-shows\/habitus-baltija-2010\/\" class=\"pokazy-mody-card\"><img decoding=\"async\" src=\"https:\/\/ksa.edu.pl\/wp-content\/uploads\/2025\/07\/img_9639-bb.jpg\" alt=\"Habitus Baltija 2010\" loading=\"lazy\" ><p class=\"pokazy-mody-name\">Habitus Baltija 2010<\/p><\/a>        <\/div>\n    <\/div>\n\n    <script>\n    document.addEventListener('DOMContentLoaded', function () {\n        const grid = document.querySelector('.pokazy-mody-grid');\n\n        function loadKolekcje(kategoria) {\n            grid.style.opacity = '0.4';\n            fetch(`https:\/\/ksa.edu.pl\/wp-admin\/admin-ajax.php?action=load_kolekcje&kategoria=${encodeURIComponent(kategoria)}`)\n                .then(response => response.text())\n                .then(html => {\n                    grid.innerHTML = html.trim() || '<p style=\"grid-column:1\/-1;text-align:center;padding:4rem 1rem;\">Brak pokaz\u00f3w w tej kategorii.<\/p>';\n                    grid.style.opacity = '1';\n                })\n                .catch(() => {\n                    grid.innerHTML = '<p style=\"grid-column:1\/-1;text-align:center;padding:4rem 1rem;\">B\u0142\u0105d \u0142adowania\u2026<\/p>';\n                    grid.style.opacity = '1';\n                });\n        }\n\n        document.querySelectorAll('.filter-btn').forEach(btn => {\n            btn.addEventListener('click', function () {\n                document.querySelectorAll('.filter-btn').forEach(b => b.classList.remove('active'));\n                this.classList.add('active');\n                const kat = this.dataset.category;\n                loadKolekcje(kat);\n                \/\/ \u2190 usuni\u0119to: history.replaceState(...)\n            });\n        });\n\n        \/\/ \u2190 usuni\u0119to ca\u0142y blok przywracania z hash\n    });\n    <\/script>\n    <\/div>\n\t\t\t\t\t\t<\/div>\n\t\t\t\t<\/div>\n\t\t\t\t\t<\/div>\n\t\t\t\t<\/div>\n\t\t\t\t<\/div>\n\t\t","protected":false},"excerpt":{"rendered":"<p>Fashion shows Each year, our school organizes four major fashion shows where first and second-year students, as well as diploma [&hellip;]<\/p>\n","protected":false},"author":1,"featured_media":0,"parent":89336,"menu_order":0,"comment_status":"closed","ping_status":"closed","template":"","meta":{"_acf_changed":false,"content-type":"","site-sidebar-layout":"no-sidebar","site-content-layout":"","ast-site-content-layout":"full-width-container","site-content-style":"default","site-sidebar-style":"default","ast-global-header-display":"","ast-banner-title-visibility":"","ast-main-header-display":"","ast-hfb-above-header-display":"","ast-hfb-below-header-display":"","ast-hfb-mobile-header-display":"","site-post-title":"disabled","ast-breadcrumbs-content":"","ast-featured-img":"disabled","footer-sml-layout":"","ast-disable-related-posts":"","theme-transparent-header-meta":"default","adv-header-id-meta":"","stick-header-meta":"","header-above-stick-meta":"","header-main-stick-meta":"","header-below-stick-meta":"","astra-migrate-meta-layouts":"default","ast-page-background-enabled":"default","ast-page-background-meta":{"desktop":{"background-color":"var(--ast-global-color-5)","background-image":"","background-repeat":"repeat","background-position":"center center","background-size":"auto","background-attachment":"scroll","background-type":"","background-media":"","overlay-type":"","overlay-color":"","overlay-opacity":"","overlay-gradient":""},"tablet":{"background-color":"","background-image":"","background-repeat":"repeat","background-position":"center center","background-size":"auto","background-attachment":"scroll","background-type":"","background-media":"","overlay-type":"","overlay-color":"","overlay-opacity":"","overlay-gradient":""},"mobile":{"background-color":"","background-image":"","background-repeat":"repeat","background-position":"center center","background-size":"auto","background-attachment":"scroll","background-type":"","background-media":"","overlay-type":"","overlay-color":"","overlay-opacity":"","overlay-gradient":""}},"ast-content-background-meta":{"desktop":{"background-color":"var(--ast-global-color-4)","background-image":"","background-repeat":"repeat","background-position":"center center","background-size":"auto","background-attachment":"scroll","background-type":"","background-media":"","overlay-type":"","overlay-color":"","overlay-opacity":"","overlay-gradient":""},"tablet":{"background-color":"var(--ast-global-color-4)","background-image":"","background-repeat":"repeat","background-position":"center center","background-size":"auto","background-attachment":"scroll","background-type":"","background-media":"","overlay-type":"","overlay-color":"","overlay-opacity":"","overlay-gradient":""},"mobile":{"background-color":"var(--ast-global-color-4)","background-image":"","background-repeat":"repeat","background-position":"center center","background-size":"auto","background-attachment":"scroll","background-type":"","background-media":"","overlay-type":"","overlay-color":"","overlay-opacity":"","overlay-gradient":""}},"footnotes":""},"class_list":["post-89399","page","type-page","status-publish","hentry"],"acf":[],"_links":{"self":[{"href":"https:\/\/ksa.edu.pl\/en\/wp-json\/wp\/v2\/pages\/89399","targetHints":{"allow":["GET"]}}],"collection":[{"href":"https:\/\/ksa.edu.pl\/en\/wp-json\/wp\/v2\/pages"}],"about":[{"href":"https:\/\/ksa.edu.pl\/en\/wp-json\/wp\/v2\/types\/page"}],"author":[{"embeddable":true,"href":"https:\/\/ksa.edu.pl\/en\/wp-json\/wp\/v2\/users\/1"}],"replies":[{"embeddable":true,"href":"https:\/\/ksa.edu.pl\/en\/wp-json\/wp\/v2\/comments?post=89399"}],"version-history":[{"count":0,"href":"https:\/\/ksa.edu.pl\/en\/wp-json\/wp\/v2\/pages\/89399\/revisions"}],"up":[{"embeddable":true,"href":"https:\/\/ksa.edu.pl\/en\/wp-json\/wp\/v2\/pages\/89336"}],"wp:attachment":[{"href":"https:\/\/ksa.edu.pl\/en\/wp-json\/wp\/v2\/media?parent=89399"}],"curies":[{"name":"wp","href":"https:\/\/api.w.org\/{rel}","templated":true}]}}