{"id":89380,"date":"2025-09-26T10:26:14","date_gmt":"2025-09-26T10:26:14","guid":{"rendered":"https:\/\/ksa.edu.pl\/sapu\/proprietary-curriculum\/"},"modified":"2025-12-17T12:19:38","modified_gmt":"2025-12-17T12:19:38","slug":"proprietary-curriculum","status":"publish","type":"page","link":"https:\/\/ksa.edu.pl\/en\/sapu\/proprietary-curriculum\/","title":{"rendered":"Proprietary curriculum"},"content":{"rendered":"\t\t<div data-elementor-type=\"wp-page\" data-elementor-id=\"89380\" class=\"elementor elementor-89380 elementor-89373\">\n\t\t\t\t<div class=\"elementor-element elementor-element-f6f3dfb e-flex e-con-boxed e-con e-parent\" data-id=\"f6f3dfb\" data-element_type=\"container\" data-settings=\"{&quot;background_background&quot;:&quot;classic&quot;}\">\n\t\t\t\t\t<div class=\"e-con-inner\">\n\t\t<div class=\"elementor-element elementor-element-9049337 e-con-full e-flex e-con e-child\" data-id=\"9049337\" data-element_type=\"container\">\n\t\t<div class=\"elementor-element elementor-element-ce6151c e-con-full e-flex e-con e-child\" data-id=\"ce6151c\" data-element_type=\"container\">\n\t\t\t\t<div class=\"elementor-element elementor-element-236e662 elementor-widget elementor-widget-heading\" data-id=\"236e662\" data-element_type=\"widget\" data-widget_type=\"heading.default\">\n\t\t\t\t\t<h1 class=\"elementor-heading-title elementor-size-default\">Proprietary curriculum<\/h1>\t\t\t\t<\/div>\n\t\t\t\t<div class=\"elementor-element elementor-element-a05cf32 elementor-widget elementor-widget-text-editor\" data-id=\"a05cf32\" data-element_type=\"widget\" data-widget_type=\"text-editor.default\">\n\t\t\t\t\t\t\t\t\tBuilt upon the expertise of well-known fashion designers and created in consultation with highly experienced lecturers from Europe&#8217;s best fashion design schools.\t\t\t\t\t\t\t\t<\/div>\n\t\t\t\t<\/div>\n\t\t<div class=\"elementor-element elementor-element-eba6a06 e-con-full e-flex e-con e-child\" data-id=\"eba6a06\" data-element_type=\"container\">\n\t\t\t\t<div class=\"elementor-element elementor-element-df3b9c7 elementor-widget elementor-widget-text-editor\" data-id=\"df3b9c7\" data-element_type=\"widget\" data-widget_type=\"text-editor.default\">\n\t\t\t\t\t\t\t\t\t<p>The program is currently emulated in some capacity by most newly founded Polish fashion design schools, where the instructors are often SAPU alumni. The curriculum undergoes annual modifications to adapt to the latest industry requirements. Furthermore, SAPU equips students to establish and manage their own business.<\/p>\n\t\t\t\t\t\t\t\t<\/div>\n\t\t\t\t<div class=\"elementor-element elementor-element-2e5308d link-hover-animation pink elementor-widget elementor-widget-button\" data-id=\"2e5308d\" data-element_type=\"widget\" data-widget_type=\"button.default\">\n\t\t\t\t\t\t\t\t\t\t<a class=\"elementor-button elementor-button-link elementor-size-sm\" href=\"https:\/\/ksa.edu.pl\/en\/sapu\/studios\/\">\n\t\t\t\t\t\t<span class=\"elementor-button-content-wrapper\">\n\t\t\t\t\t\t<span class=\"elementor-button-icon\">\n\t\t\t\t<i aria-hidden=\"true\" class=\"xi xi-arrow-up-right\"><\/i>\t\t\t<\/span>\n\t\t\t\t\t\t\t\t\t<span class=\"elementor-button-text\">See the studios<\/span>\n\t\t\t\t\t<\/span>\n\t\t\t\t\t<\/a>\n\t\t\t\t\t\t\t\t<\/div>\n\t\t\t\t<\/div>\n\t\t\t\t<\/div>\n\t\t<div class=\"elementor-element elementor-element-06468cc e-con-full e-flex e-con e-child\" data-id=\"06468cc\" data-element_type=\"container\">\n\t\t\t\t<div class=\"elementor-element elementor-element-8edec9c elementor-widget elementor-widget-html\" data-id=\"8edec9c\" data-element_type=\"widget\" data-widget_type=\"html.default\">\n\t\t\t\t\t   <div class=\"slideshow-container\">\r\n        <div class=\"photo-slide active\">\r\n            <img decoding=\"async\" src=\"https:\/\/ksa.edu.pl\/wp-content\/uploads\/2025\/04\/92327ff3ffcba29f6491ab40de2a1790deec09a3.png\" alt=\"Zdj\u0119cie 1\" >\r\n        <\/div>\r\n        \r\n        <div class=\"photo-slide\">\r\n            <img decoding=\"async\" src=\"https:\/\/ksa.edu.pl\/wp-content\/uploads\/2025\/04\/ace34801e8f428382f794025ae694aaf117bb026-e1746010986793.png\" alt=\"Zdj\u0119cie 2\" >\r\n        <\/div>\r\n        \r\n        <div class=\"photo-slide\">\r\n            <img decoding=\"async\" src=\"https:\/\/ksa.edu.pl\/wp-content\/uploads\/2025\/04\/46c9e114b66bfdd55ff733c4511cff4ce6ef766c-e1745844551484.png\" alt=\"Zdj\u0119cie 3\" >\r\n        <\/div>\r\n    <\/div>\r\n\r\n    <script>\r\n        document.addEventListener('DOMContentLoaded', function() {\r\n            const slideshowContainer = document.querySelector('.slideshow-container');\r\n            const slides = document.querySelectorAll('.photo-slide');\r\n            let currentIndex = 0;\r\n            let hasHovered = false;\r\n            \r\n            \/\/ Funkcja do zmiany slajdu\r\n            function changeSlide() {\r\n                \/\/ Usu\u0144 klas\u0119 active ze wszystkich slajd\u00f3w\r\n                slides.forEach(slide => slide.classList.remove('active'));\r\n                \r\n                \/\/ Przejd\u017a do nast\u0119pnego slajdu\r\n                currentIndex = (currentIndex + 1) % slides.length;\r\n                \r\n                \/\/ Dodaj klas\u0119 active do aktualnego slajdu\r\n                slides[currentIndex].classList.add('active');\r\n            }\r\n            \r\n            \/\/ Event listener dla najechania myszk\u0105\r\n            slideshowContainer.addEventListener('mouseenter', function() {\r\n                if (!hasHovered) {\r\n                    changeSlide();\r\n                    hasHovered = true;\r\n                }\r\n            });\r\n            \r\n            \/\/ Event listener dla opuszczenia obszaru przez myszk\u0119\r\n            slideshowContainer.addEventListener('mouseleave', function() {\r\n                hasHovered = false;\r\n            });\r\n        });\r\n    <\/script>\r\n\t\t\t\t<\/div>\n\t\t\t\t<\/div>\n\t\t\t\t\t<\/div>\n\t\t\t\t<\/div>\n\t\t<div class=\"elementor-element elementor-element-718476e e-flex e-con-boxed e-con e-parent\" data-id=\"718476e\" data-element_type=\"container\">\n\t\t\t\t\t<div class=\"e-con-inner\">\n\t\t<div class=\"elementor-element elementor-element-94a0186 e-con-full e-flex e-con e-child\" data-id=\"94a0186\" data-element_type=\"container\">\n\t\t\t\t<div class=\"elementor-element elementor-element-d66cc30 elementor-widget elementor-widget-html\" data-id=\"d66cc30\" data-element_type=\"widget\" data-widget_type=\"html.default\">\n\t\t\t\t\t<div class=\"bottom-up-container\" id=\"bottom-up-slideshow\">\r\n  <div class=\"bottom-up-slide\" style=\"top: 0\">\r\n           <img decoding=\"async\" src=\"https:\/\/ksa.edu.pl\/wp-content\/uploads\/2025\/07\/Aleksandra-Bajer31.jpg\" alt=\"Zdj\u0119cie 1\" >\r\n  <\/div>\r\n  <div class=\"bottom-up-slide\" style=\"top: 100%\">\r\n    <img decoding=\"async\" src=\"https:\/\/ksa.edu.pl\/wp-content\/uploads\/2025\/07\/Aneta-Szydlo-1.jpg\" alt=\"Zdj\u0119cie 2\" >\r\n  <\/div>\r\n  <div class=\"bottom-up-slide\" style=\"top: 100%\">\r\n    <img decoding=\"async\" src=\"https:\/\/ksa.edu.pl\/wp-content\/uploads\/2025\/07\/8-2.jpg\" alt=\"Zdj\u0119cie 3\" >\r\n  <\/div>\r\n<\/div>\r\n\r\n<script>\r\n\/\/ U\u017cywamy funkcji IIFE (Immediately Invoked Function Expression)\r\n\/\/ aby unikn\u0105\u0107 konflikt\u00f3w w globalnej przestrzeni nazw\r\n(function() {\r\n  \/\/ Czekamy a\u017c dokument zostanie za\u0142adowany\r\n  document.addEventListener('DOMContentLoaded', function() {\r\n    const slideshowContainer = document.getElementById('bottom-up-slideshow');\r\n    const slides = slideshowContainer.querySelectorAll('.bottom-up-slide');\r\n    let currentIndex = 0;\r\n    let isAnimating = false;\r\n    \r\n    \/\/ Ustawienie pocz\u0105tkowe - pierwszy slajd widoczny, reszta pod spodem\r\n    slides[0].style.top = '0';\r\n    for (let i = 1; i < slides.length; i++) {\r\n      slides[i].style.top = '100%';\r\n    }\r\n    \r\n    \/\/ Funkcja do zmiany slajdu - efekt przesuwania z do\u0142u do g\u00f3ry\r\n    function changeBottomUpSlide() {\r\n      if (isAnimating) return; \/\/ Zapobieganie nak\u0142adaniu si\u0119 animacji\r\n      isAnimating = true;\r\n      \r\n      \/\/ Obliczenie indeksu nast\u0119pnego slajdu\r\n      const nextIndex = (currentIndex + 1) % slides.length;\r\n      \r\n      \/\/ Aktualny slajd przesuwany do g\u00f3ry (poza ekran)\r\n      slides[currentIndex].style.top = '-100%';\r\n      \r\n      \/\/ Nast\u0119pny slajd przesuwa si\u0119 z do\u0142u na \u015brodek\r\n      slides[nextIndex].style.top = '0';\r\n      \r\n      \/\/ Po zako\u0144czeniu animacji resetujemy pozycj\u0119 starego slajdu\r\n      setTimeout(() => {\r\n        \/\/ Wy\u0142\u0105czamy animacj\u0119 na czas zmiany pozycji\r\n        slides[currentIndex].style.transition = 'none';\r\n        slides[currentIndex].style.top = '100%';\r\n        \r\n        \/\/ Przywracamy animacj\u0119 po zmianie pozycji\r\n        requestAnimationFrame(() => {\r\n          setTimeout(() => {\r\n            slides[currentIndex].style.transition = 'top 1.5s ease-in-out';\r\n            \r\n            \/\/ Aktualizacja bie\u017c\u0105cego indeksu i zako\u0144czenie stanu animacji\r\n            currentIndex = nextIndex;\r\n            isAnimating = false;\r\n          }, 20);\r\n        });\r\n      }, 1600); \/\/ Czas trwania animacji plus niewielki zapas\r\n    }\r\n    \r\n   \r\n    const slideInterval = setInterval(changeBottomUpSlide, 3500);\r\n    \r\n    \/\/ Obs\u0142uga zdarzenia zako\u0144czenia przej\u015bcia dla dodatkowej pewno\u015bci\r\n    slides.forEach(slide => {\r\n      slide.addEventListener('transitionend', function(e) {\r\n        if (e.propertyName === 'top' && slide.style.top === '-100%') {\r\n          \/\/ Dodatkowe zabezpieczenie - resetowanie slajdu kt\u00f3ry znikn\u0105\u0142 w g\u00f3r\u0119\r\n          setTimeout(() => {\r\n            slide.style.transition = 'none';\r\n            slide.style.top = '100%';\r\n            \r\n            requestAnimationFrame(() => {\r\n              setTimeout(() => {\r\n                slide.style.transition = 'top 1.5s ease-in-out';\r\n              }, 20);\r\n            });\r\n          }, 50);\r\n        }\r\n      });\r\n    });\r\n  });\r\n})();\r\n<\/script>\t\t\t\t<\/div>\n\t\t\t\t<\/div>\n\t\t<div class=\"elementor-element elementor-element-a12c308 e-con-full e-flex e-con e-child\" data-id=\"a12c308\" data-element_type=\"container\">\n\t\t\t\t<div class=\"elementor-element elementor-element-0281f7d elementor-widget elementor-widget-text-editor\" data-id=\"0281f7d\" data-element_type=\"widget\" data-widget_type=\"text-editor.default\">\n\t\t\t\t\t\t\t\t\tOur goal is to educate an independent and competent fashion designer who can manage every detail of a collection, while also possessing broad general knowledge and strong artistic skills.\t\t\t\t\t\t\t\t<\/div>\n\t\t\t\t<\/div>\n\t\t\t\t\t<\/div>\n\t\t\t\t<\/div>\n\t\t<div class=\"elementor-element elementor-element-f37538a e-flex e-con-boxed e-con e-parent\" data-id=\"f37538a\" data-element_type=\"container\">\n\t\t\t\t\t<div class=\"e-con-inner\">\n\t\t<div class=\"elementor-element elementor-element-68038dd e-con-full e-flex e-con e-child\" data-id=\"68038dd\" data-element_type=\"container\">\n\t\t\t\t<div class=\"elementor-element elementor-element-3c3bf94 elementor-widget__width-initial elementor-widget elementor-widget-text-editor\" data-id=\"3c3bf94\" data-element_type=\"widget\" data-widget_type=\"text-editor.default\">\n\t\t\t\t\t\t\t\t\t<p>Core subjects include: Fashion Design, Garment Construction, Clothing Technology, Jewellery Design, Headwear and Accessories Design, Footwear Design, Fashion Illustration, Fashion Photography, Textile Design and Material Studies, Fashion Styling and Fashion Trends.<\/p>\n\t\t\t\t\t\t\t\t<\/div>\n\t\t\t\t<\/div>\n\t\t\t\t\t<\/div>\n\t\t\t\t<\/div>\n\t\t<div class=\"elementor-element elementor-element-6ff1325 e-flex e-con-boxed e-con e-parent\" data-id=\"6ff1325\" data-element_type=\"container\">\n\t\t\t\t\t<div class=\"e-con-inner\">\n\t\t<div class=\"elementor-element elementor-element-4835497 e-con-full e-flex e-con e-child\" data-id=\"4835497\" data-element_type=\"container\">\n\t\t\t\t<div class=\"elementor-element elementor-element-0d066da elementor-widget__width-initial elementor-widget elementor-widget-text-editor\" data-id=\"0d066da\" data-element_type=\"widget\" data-widget_type=\"text-editor.default\">\n\t\t\t\t\t\t\t\t\t<p>SAPU students also participate in fine arts classes such as drawing, painting and composition. Lectures cover the fields of art history, fashion history, and fashion marketing. In the computer lab, students learn to use graphic design software like CorelDraw and Adobe Photoshop, as well as InvenTex, a specialized program for garment construction, all of which are essential tools in modern fashion design.<\/p>\n\t\t\t\t\t\t\t\t<\/div>\n\t\t\t\t<\/div>\n\t\t\t\t\t<\/div>\n\t\t\t\t<\/div>\n\t\t<div class=\"elementor-element elementor-element-d2965f1 e-flex e-con-boxed e-con e-parent\" data-id=\"d2965f1\" data-element_type=\"container\">\n\t\t\t\t\t<div class=\"e-con-inner\">\n\t\t<div class=\"elementor-element elementor-element-49a1166 e-con-full e-flex e-con e-child\" data-id=\"49a1166\" data-element_type=\"container\">\n\t\t\t\t<div class=\"elementor-element elementor-element-8807002 elementor-widget elementor-widget-heading\" data-id=\"8807002\" data-element_type=\"widget\" data-widget_type=\"heading.default\">\n\t\t\t\t\t<h2 class=\"elementor-heading-title elementor-size-default\">SAPU Curriculum <\/h2>\t\t\t\t<\/div>\n\t\t\t\t<div class=\"elementor-element elementor-element-db81703 elementor-widget elementor-widget-text-editor\" data-id=\"db81703\" data-element_type=\"widget\" data-widget_type=\"text-editor.default\">\n\t\t\t\t\t\t\t\t\t<p>Your style starts here. Whether you want to design fashion, jewellery, textiles, or style photo shoots, this program will help you discover your own creative language and build a portfolio that captures the industry\u2019s attention.<\/p>\n\t\t\t\t\t\t\t\t<\/div>\n\t\t\t\t<\/div>\n\t\t<div class=\"elementor-element elementor-element-732d8c4 e-con-full elementor-hidden-tablet elementor-hidden-mobile_extra elementor-hidden-mobile e-flex e-con e-child\" data-id=\"732d8c4\" data-element_type=\"container\">\n\t\t\t\t<\/div>\n\t\t\t\t\t<\/div>\n\t\t\t\t<\/div>\n\t\t<div class=\"elementor-element elementor-element-c0be793 e-flex e-con-boxed e-con e-parent\" data-id=\"c0be793\" data-element_type=\"container\">\n\t\t\t\t\t<div class=\"e-con-inner\">\n\t\t<div class=\"elementor-element elementor-element-16777b3 e-con-full e-flex e-con e-child\" data-id=\"16777b3\" data-element_type=\"container\">\n\t\t\t\t<div class=\"elementor-element elementor-element-7433cb4 elementor-widget elementor-widget-heading\" data-id=\"7433cb4\" data-element_type=\"widget\" data-widget_type=\"heading.default\">\n\t\t\t\t\t<h3 class=\"elementor-heading-title elementor-size-default\">Fashion design<\/h3>\t\t\t\t<\/div>\n\t\t\t\t<div class=\"elementor-element elementor-element-98e595f elementor-widget elementor-widget-text-editor\" data-id=\"98e595f\" data-element_type=\"widget\" data-widget_type=\"text-editor.default\">\n\t\t\t\t\t\t\t\t\t<ul>\n<li>Womenswear and menswear<\/li>\n<li>Accessory Design: jewellery, footwear and headwear<\/li>\n<li>Print and original textile design<\/li>\n<\/ul>\n\t\t\t\t\t\t\t\t<\/div>\n\t\t\t\t<\/div>\n\t\t<div class=\"elementor-element elementor-element-323013b e-con-full e-flex e-con e-child\" data-id=\"323013b\" data-element_type=\"container\">\n\t\t\t\t<div class=\"elementor-element elementor-element-25c5f51 elementor-widget elementor-widget-heading\" data-id=\"25c5f51\" data-element_type=\"widget\" data-widget_type=\"heading.default\">\n\t\t\t\t\t<h3 class=\"elementor-heading-title elementor-size-default\">Art and illustration<\/h3>\t\t\t\t<\/div>\n\t\t\t\t<div class=\"elementor-element elementor-element-5b111a9 elementor-widget elementor-widget-text-editor\" data-id=\"5b111a9\" data-element_type=\"widget\" data-widget_type=\"text-editor.default\">\n\t\t\t\t\t\t\t\t\t<ul>\n<li>Drawing and Painting<\/li>\n<li>Fashion Illustration<\/li>\n<\/ul>\n\t\t\t\t\t\t\t\t<\/div>\n\t\t\t\t<\/div>\n\t\t<div class=\"elementor-element elementor-element-3eed5c8 e-con-full e-flex e-con e-child\" data-id=\"3eed5c8\" data-element_type=\"container\">\n\t\t\t\t<div class=\"elementor-element elementor-element-07d65ec elementor-widget elementor-widget-heading\" data-id=\"07d65ec\" data-element_type=\"widget\" data-widget_type=\"heading.default\">\n\t\t\t\t\t<h3 class=\"elementor-heading-title elementor-size-default\">Technology and craft<\/h3>\t\t\t\t<\/div>\n\t\t\t\t<div class=\"elementor-element elementor-element-994ac54 elementor-widget elementor-widget-text-editor\" data-id=\"994ac54\" data-element_type=\"widget\" data-widget_type=\"text-editor.default\">\n\t\t\t\t\t\t\t\t\t<ul>\n<li>Material studies<\/li>\n<li>Technology and sewing<\/li>\n<li>Garment construction<\/li>\n<\/ul>\n\t\t\t\t\t\t\t\t<\/div>\n\t\t\t\t<\/div>\n\t\t<div class=\"elementor-element elementor-element-f75906d e-con-full e-flex e-con e-child\" data-id=\"f75906d\" data-element_type=\"container\">\n\t\t\t\t<div class=\"elementor-element elementor-element-6bd4340 elementor-widget elementor-widget-heading\" data-id=\"6bd4340\" data-element_type=\"widget\" data-widget_type=\"heading.default\">\n\t\t\t\t\t<h3 class=\"elementor-heading-title elementor-size-default\">Digital tools<\/h3>\t\t\t\t<\/div>\n\t\t\t\t<div class=\"elementor-element elementor-element-5e18c98 elementor-widget elementor-widget-text-editor\" data-id=\"5e18c98\" data-element_type=\"widget\" data-widget_type=\"text-editor.default\">\n\t\t\t\t\t\t\t\t\t<ul>\n<li>Graphic design software (CorelDRAW, InDesign)<\/li>\n<li>Fashion styling and photography<\/li>\n<\/ul>\n\t\t\t\t\t\t\t\t<\/div>\n\t\t\t\t<\/div>\n\t\t<div class=\"elementor-element elementor-element-2ecdd43 e-con-full e-flex e-con e-child\" data-id=\"2ecdd43\" data-element_type=\"container\">\n\t\t\t\t<div class=\"elementor-element elementor-element-bfb8ed9 elementor-widget elementor-widget-heading\" data-id=\"bfb8ed9\" data-element_type=\"widget\" data-widget_type=\"heading.default\">\n\t\t\t\t\t<h3 class=\"elementor-heading-title elementor-size-default\">Context and market<\/h3>\t\t\t\t<\/div>\n\t\t\t\t<div class=\"elementor-element elementor-element-e57518e elementor-widget elementor-widget-text-editor\" data-id=\"e57518e\" data-element_type=\"widget\" data-widget_type=\"text-editor.default\">\n\t\t\t\t\t\t\t\t\t<ul>\n<li>History of fashion and costume design<\/li>\n<li>Business and branding<\/li>\n<\/ul>\n\t\t\t\t\t\t\t\t<\/div>\n\t\t\t\t<\/div>\n\t\t<div class=\"elementor-element elementor-element-de7fef1 e-con-full e-flex e-con e-child\" data-id=\"de7fef1\" data-element_type=\"container\">\n\t\t\t\t<div class=\"elementor-element elementor-element-e7ab92d link-hover-animation pink elementor-widget elementor-widget-button\" data-id=\"e7ab92d\" data-element_type=\"widget\" data-widget_type=\"button.default\">\n\t\t\t\t\t\t\t\t\t\t<a class=\"elementor-button elementor-button-link elementor-size-sm\" href=\"https:\/\/ksa.edu.pl\/en\/sapu\/proprietary-curriculum\/\">\n\t\t\t\t\t\t<span class=\"elementor-button-content-wrapper\">\n\t\t\t\t\t\t<span class=\"elementor-button-icon\">\n\t\t\t\t<i aria-hidden=\"true\" class=\"xi xi-arrow-up-right\"><\/i>\t\t\t<\/span>\n\t\t\t\t\t\t\t\t\t<span class=\"elementor-button-text\">Proprietary curriculum<\/span>\n\t\t\t\t\t<\/span>\n\t\t\t\t\t<\/a>\n\t\t\t\t\t\t\t\t<\/div>\n\t\t\t\t<\/div>\n\t\t\t\t\t<\/div>\n\t\t\t\t<\/div>\n\t\t<div class=\"elementor-element elementor-element-2c873ed e-flex e-con-boxed e-con e-parent\" data-id=\"2c873ed\" data-element_type=\"container\">\n\t\t\t\t\t<div class=\"e-con-inner\">\n\t\t<div class=\"elementor-element elementor-element-5f70e4b e-con-full e-flex e-con e-child\" data-id=\"5f70e4b\" data-element_type=\"container\">\n\t\t\t\t<div class=\"elementor-element elementor-element-f20f494 elementor-widget__width-initial elementor-widget elementor-widget-text-editor\" data-id=\"f20f494\" data-element_type=\"widget\" data-widget_type=\"text-editor.default\">\n\t\t\t\t\t\t\t\t\t<p>The knowledge acquired in the classroom is supplemented by trips to fashion trade shows in Paris, as well as numerous visits to museums and exhibitions.<\/p>\n\t\t\t\t\t\t\t\t<\/div>\n\t\t\t\t<\/div>\n\t\t\t\t\t<\/div>\n\t\t\t\t<\/div>\n\t\t<div class=\"elementor-element elementor-element-48938bd e-flex e-con-boxed e-con e-parent\" data-id=\"48938bd\" data-element_type=\"container\">\n\t\t\t\t\t<div class=\"e-con-inner\">\n\t\t<div class=\"elementor-element elementor-element-5081c33 e-con-full e-flex e-con e-child\" data-id=\"5081c33\" data-element_type=\"container\">\n\t\t\t\t<div class=\"elementor-element elementor-element-8c203bc elementor-widget elementor-widget-image\" data-id=\"8c203bc\" data-element_type=\"widget\" data-widget_type=\"image.default\">\n\t\t\t\t\t\t\t\t\t\t\t\t\t\t\t<img fetchpriority=\"high\" decoding=\"async\" width=\"1000\" height=\"666\" src=\"https:\/\/ksa.edu.pl\/wp-content\/uploads\/2025\/06\/1713256997_ksa_pokaz_mody_sapu_krakow_2024-1.jpg\" class=\"attachment-large size-large wp-image-89311\" alt=\"1713256997 ksa pokaz mody sapu krakow 2024\" srcset=\"https:\/\/ksa.edu.pl\/wp-content\/uploads\/2025\/06\/1713256997_ksa_pokaz_mody_sapu_krakow_2024-1.jpg 1000w, https:\/\/ksa.edu.pl\/wp-content\/uploads\/2025\/06\/1713256997_ksa_pokaz_mody_sapu_krakow_2024-1-300x200.jpg 300w, https:\/\/ksa.edu.pl\/wp-content\/uploads\/2025\/06\/1713256997_ksa_pokaz_mody_sapu_krakow_2024-1-768x511.jpg 768w\" sizes=\"(max-width: 1000px) 100vw, 1000px\" >\t\t\t\t\t\t\t\t\t\t\t\t\t\t\t<\/div>\n\t\t\t\t<\/div>\n\t\t<div class=\"elementor-element elementor-element-8d90092 e-con-full e-flex e-con e-child\" data-id=\"8d90092\" data-element_type=\"container\">\n\t\t\t\t<div class=\"elementor-element elementor-element-caad698 elementor-widget elementor-widget-text-editor\" data-id=\"caad698\" data-element_type=\"widget\" data-widget_type=\"text-editor.default\">\n\t\t\t\t\t\t\t\t\t<p>In addition, we introduce our students to the following topics:<\/p>\n<ul>\n<li>Responsible Fashion<\/li>\n<li>CSR (Corporate Social Responsibility)<\/li>\n<li>Zero-waste design<\/li>\n<li>3D Fashion<\/li>\n<li>NFTs<\/li>\n<li>Artificial Intelligence (AI)<\/li>\n<\/ul>\n\t\t\t\t\t\t\t\t<\/div>\n\t\t\t\t<div class=\"elementor-element elementor-element-9d61d7b link-hover-animation pink elementor-widget elementor-widget-button\" data-id=\"9d61d7b\" data-element_type=\"widget\" data-widget_type=\"button.default\">\n\t\t\t\t\t\t\t\t\t\t<a class=\"elementor-button elementor-button-link elementor-size-sm\" href=\"https:\/\/ksa.edu.pl\/en\/lecturers\/#sapu\">\n\t\t\t\t\t\t<span class=\"elementor-button-content-wrapper\">\n\t\t\t\t\t\t<span class=\"elementor-button-icon\">\n\t\t\t\t<i aria-hidden=\"true\" class=\"xi xi-arrow-up-right\"><\/i>\t\t\t<\/span>\n\t\t\t\t\t\t\t\t\t<span class=\"elementor-button-text\">See SAPU lecturers<\/span>\n\t\t\t\t\t<\/span>\n\t\t\t\t\t<\/a>\n\t\t\t\t\t\t\t\t<\/div>\n\t\t\t\t<\/div>\n\t\t\t\t\t<\/div>\n\t\t\t\t<\/div>\n\t\t\t\t<\/div>\n\t\t","protected":false},"excerpt":{"rendered":"<p>Proprietary curriculum Built upon the expertise of well-known fashion designers and created in consultation with highly experienced lecturers from Europe&#8217;s [&hellip;]<\/p>\n","protected":false},"author":1,"featured_media":0,"parent":89336,"menu_order":0,"comment_status":"closed","ping_status":"closed","template":"","meta":{"_acf_changed":false,"content-type":"","site-sidebar-layout":"no-sidebar","site-content-layout":"","ast-site-content-layout":"full-width-container","site-content-style":"default","site-sidebar-style":"default","ast-global-header-display":"","ast-banner-title-visibility":"","ast-main-header-display":"","ast-hfb-above-header-display":"","ast-hfb-below-header-display":"","ast-hfb-mobile-header-display":"","site-post-title":"disabled","ast-breadcrumbs-content":"","ast-featured-img":"disabled","footer-sml-layout":"","ast-disable-related-posts":"","theme-transparent-header-meta":"default","adv-header-id-meta":"","stick-header-meta":"","header-above-stick-meta":"","header-main-stick-meta":"","header-below-stick-meta":"","astra-migrate-meta-layouts":"set","ast-page-background-enabled":"default","ast-page-background-meta":{"desktop":{"background-color":"var(--ast-global-color-5)","background-image":"","background-repeat":"repeat","background-position":"center center","background-size":"auto","background-attachment":"scroll","background-type":"","background-media":"","overlay-type":"","overlay-color":"","overlay-opacity":"","overlay-gradient":""},"tablet":{"background-color":"","background-image":"","background-repeat":"repeat","background-position":"center center","background-size":"auto","background-attachment":"scroll","background-type":"","background-media":"","overlay-type":"","overlay-color":"","overlay-opacity":"","overlay-gradient":""},"mobile":{"background-color":"","background-image":"","background-repeat":"repeat","background-position":"center center","background-size":"auto","background-attachment":"scroll","background-type":"","background-media":"","overlay-type":"","overlay-color":"","overlay-opacity":"","overlay-gradient":""}},"ast-content-background-meta":{"desktop":{"background-color":"var(--ast-global-color-4)","background-image":"","background-repeat":"repeat","background-position":"center center","background-size":"auto","background-attachment":"scroll","background-type":"","background-media":"","overlay-type":"","overlay-color":"","overlay-opacity":"","overlay-gradient":""},"tablet":{"background-color":"var(--ast-global-color-4)","background-image":"","background-repeat":"repeat","background-position":"center center","background-size":"auto","background-attachment":"scroll","background-type":"","background-media":"","overlay-type":"","overlay-color":"","overlay-opacity":"","overlay-gradient":""},"mobile":{"background-color":"var(--ast-global-color-4)","background-image":"","background-repeat":"repeat","background-position":"center center","background-size":"auto","background-attachment":"scroll","background-type":"","background-media":"","overlay-type":"","overlay-color":"","overlay-opacity":"","overlay-gradient":""}},"footnotes":""},"class_list":["post-89380","page","type-page","status-publish","hentry"],"acf":[],"_links":{"self":[{"href":"https:\/\/ksa.edu.pl\/en\/wp-json\/wp\/v2\/pages\/89380","targetHints":{"allow":["GET"]}}],"collection":[{"href":"https:\/\/ksa.edu.pl\/en\/wp-json\/wp\/v2\/pages"}],"about":[{"href":"https:\/\/ksa.edu.pl\/en\/wp-json\/wp\/v2\/types\/page"}],"author":[{"embeddable":true,"href":"https:\/\/ksa.edu.pl\/en\/wp-json\/wp\/v2\/users\/1"}],"replies":[{"embeddable":true,"href":"https:\/\/ksa.edu.pl\/en\/wp-json\/wp\/v2\/comments?post=89380"}],"version-history":[{"count":0,"href":"https:\/\/ksa.edu.pl\/en\/wp-json\/wp\/v2\/pages\/89380\/revisions"}],"up":[{"embeddable":true,"href":"https:\/\/ksa.edu.pl\/en\/wp-json\/wp\/v2\/pages\/89336"}],"wp:attachment":[{"href":"https:\/\/ksa.edu.pl\/en\/wp-json\/wp\/v2\/media?parent=89380"}],"curies":[{"name":"wp","href":"https:\/\/api.w.org\/{rel}","templated":true}]}}